{"id":1455,"date":"2024-10-13T16:48:56","date_gmt":"2024-10-13T14:48:56","guid":{"rendered":"https:\/\/www.pinechalet.sk\/?page_id=1455"},"modified":"2025-11-26T21:28:26","modified_gmt":"2025-11-26T20:28:26","slug":"importovanie-kalendara","status":"publish","type":"page","link":"https:\/\/www.pinechalet.sk\/index.php\/importovanie-kalendara\/","title":{"rendered":"Importovanie Kalendara"},"content":{"rendered":"\t\t<div data-elementor-type=\"wp-page\" data-elementor-id=\"1455\" class=\"elementor elementor-1455\">\n\t\t\t\t<div class=\"elementor-element elementor-element-8042aaf e-flex e-con-boxed e-con e-parent\" data-id=\"8042aaf\" data-element_type=\"container\" data-e-type=\"container\">\n\t\t\t\t\t<div class=\"e-con-inner\">\n\t\t\t\t<div class=\"elementor-element elementor-element-936d571 elementor-widget elementor-widget-shortcode\" data-id=\"936d571\" data-element_type=\"widget\" data-e-type=\"widget\" data-widget_type=\"shortcode.default\">\n\t\t\t\t<div class=\"elementor-widget-container\">\n\t\t\t\t\t\t\t<div class=\"elementor-shortcode\">Imported <strong>0<\/strong> bookings<\/div>\n\t\t\t\t\t\t<\/div>\n\t\t\t\t<\/div>\n\t\t\t\t\t<\/div>\n\t\t\t\t<\/div>\n\t\t<div class=\"elementor-element elementor-element-6cad48c e-flex e-con-boxed e-con e-parent\" data-id=\"6cad48c\" data-element_type=\"container\" data-e-type=\"container\">\n\t\t\t\t\t<div class=\"e-con-inner\">\n\t\t\t\t<div class=\"elementor-element elementor-element-ae59645 elementor-widget elementor-widget-shortcode\" data-id=\"ae59645\" data-element_type=\"widget\" data-e-type=\"widget\" data-widget_type=\"shortcode.default\">\n\t\t\t\t<div class=\"elementor-widget-container\">\n\t\t\t\t\t\t\t<div class=\"elementor-shortcode\">Imported <strong>0<\/strong> bookings<\/div>\n\t\t\t\t\t\t<\/div>\n\t\t\t\t<\/div>\n\t\t\t\t\t<\/div>\n\t\t\t\t<\/div>\n\t\t<div class=\"elementor-element elementor-element-bc73682 e-flex e-con-boxed e-con e-parent\" data-id=\"bc73682\" data-element_type=\"container\" data-e-type=\"container\">\n\t\t\t\t\t<div class=\"e-con-inner\">\n\t\t\t\t<div class=\"elementor-element elementor-element-779ed19 elementor-widget elementor-widget-shortcode\" data-id=\"779ed19\" data-element_type=\"widget\" data-e-type=\"widget\" data-widget_type=\"shortcode.default\">\n\t\t\t\t<div class=\"elementor-widget-container\">\n\t\t\t\t\t\t\t<div class=\"elementor-shortcode\">Imported <strong>0<\/strong> bookings<\/div>\n\t\t\t\t\t\t<\/div>\n\t\t\t\t<\/div>\n\t\t\t\t\t<\/div>\n\t\t\t\t<\/div>\n\t\t<div class=\"elementor-element elementor-element-b18ad0c e-flex e-con-boxed e-con e-parent\" data-id=\"b18ad0c\" data-element_type=\"container\" data-e-type=\"container\">\n\t\t\t\t\t<div class=\"e-con-inner\">\n\t\t\t\t<div class=\"elementor-element elementor-element-f83a650 elementor-widget elementor-widget-shortcode\" data-id=\"f83a650\" data-element_type=\"widget\" data-e-type=\"widget\" data-widget_type=\"shortcode.default\">\n\t\t\t\t<div class=\"elementor-widget-container\">\n\t\t\t\t\t\t\t<div class=\"elementor-shortcode\">Imported <strong>0<\/strong> bookings<\/div>\n\t\t\t\t\t\t<\/div>\n\t\t\t\t<\/div>\n\t\t\t\t\t<\/div>\n\t\t\t\t<\/div>\n\t\t<div class=\"elementor-element elementor-element-6c06af2 e-grid e-con-boxed e-con e-parent\" data-id=\"6c06af2\" data-element_type=\"container\" data-e-type=\"container\">\n\t\t\t\t\t<div class=\"e-con-inner\">\n\t\t\t\t\t<\/div>\n\t\t\t\t<\/div>\n\t\t\t\t<\/div>\n\t\t","protected":false},"excerpt":{"rendered":"","protected":false},"author":1,"featured_media":0,"parent":0,"menu_order":0,"comment_status":"closed","ping_status":"closed","template":"","meta":{"site-sidebar-layout":"default","site-content-layout":"","ast-site-content-layout":"default","site-content-style":"default","site-sidebar-style":"default","ast-global-header-display":"","ast-banner-title-visibility":"","ast-main-header-display":"","ast-hfb-above-header-display":"","ast-hfb-below-header-display":"","ast-hfb-mobile-header-display":"","site-post-title":"","ast-breadcrumbs-content":"","ast-featured-img":"","footer-sml-layout":"","ast-disable-related-posts":"","theme-transparent-header-meta":"","adv-header-id-meta":"","stick-header-meta":"","header-above-stick-meta":"","header-main-stick-meta":"","header-below-stick-meta":"","astra-migrate-meta-layouts":"default","ast-page-background-enabled":"default","ast-page-background-meta":{"desktop":{"background-color":"var(--ast-global-color-4)","background-image":"","background-repeat":"repeat","background-position":"center center","background-size":"auto","background-attachment":"scroll","background-type":"","background-media":"","overlay-type":"","overlay-color":"","overlay-opacity":"","overlay-gradient":""},"tablet":{"background-color":"","background-image":"","background-repeat":"repeat","background-position":"center center","background-size":"auto","background-attachment":"scroll","background-type":"","background-media":"","overlay-type":"","overlay-color":"","overlay-opacity":"","overlay-gradient":""},"mobile":{"background-color":"","background-image":"","background-repeat":"repeat","background-position":"center center","background-size":"auto","background-attachment":"scroll","background-type":"","background-media":"","overlay-type":"","overlay-color":"","overlay-opacity":"","overlay-gradient":""}},"ast-content-background-meta":{"desktop":{"background-color":"var(--ast-global-color-5)","background-image":"","background-repeat":"repeat","background-position":"center center","background-size":"auto","background-attachment":"scroll","background-type":"","background-media":"","overlay-type":"","overlay-color":"","overlay-opacity":"","overlay-gradient":""},"tablet":{"background-color":"var(--ast-global-color-5)","background-image":"","background-repeat":"repeat","background-position":"center center","background-size":"auto","background-attachment":"scroll","background-type":"","background-media":"","overlay-type":"","overlay-color":"","overlay-opacity":"","overlay-gradient":""},"mobile":{"background-color":"var(--ast-global-color-5)","background-image":"","background-repeat":"repeat","background-position":"center center","background-size":"auto","background-attachment":"scroll","background-type":"","background-media":"","overlay-type":"","overlay-color":"","overlay-opacity":"","overlay-gradient":""}},"footnotes":""},"class_list":["post-1455","page","type-page","status-publish","hentry"],"yoast_head":"<!-- This site is optimized with the Yoast SEO plugin v27.5 - https:\/\/yoast.com\/product\/yoast-seo-wordpress\/ -->\n<title>Importovanie Kalendara - Pine Chalet<\/title>\n<meta name=\"description\" content=\"U\u017eite si nezabudnute\u013en\u00fd pobyt v Pine Chalet, \u00fatulnom horskom dome obklopenom pr\u00edrodou. Ide\u00e1lne miesto na relax\u00e1ciu a dobrodru\u017estvo, s modern\u00fdmi vybaveniami a n\u00e1dhern\u00fdmi v\u00fdh\u013eadmi. Objavte dokonal\u00fd \u00fanik do h\u00f4r!\" \/>\n<meta name=\"robots\" content=\"index, follow, max-snippet:-1, max-image-preview:large, max-video-preview:-1\" \/>\n<link rel=\"canonical\" href=\"https:\/\/www.pinechalet.sk\/index.php\/importovanie-kalendara\/\" \/>\n<meta property=\"og:locale\" content=\"sk_SK\" \/>\n<meta property=\"og:type\" content=\"article\" \/>\n<meta property=\"og:title\" content=\"Importovanie Kalendara - Pine Chalet\" \/>\n<meta property=\"og:description\" content=\"U\u017eite si nezabudnute\u013en\u00fd pobyt v Pine Chalet, \u00fatulnom horskom dome obklopenom pr\u00edrodou. Ide\u00e1lne miesto na relax\u00e1ciu a dobrodru\u017estvo, s modern\u00fdmi vybaveniami a n\u00e1dhern\u00fdmi v\u00fdh\u013eadmi. Objavte dokonal\u00fd \u00fanik do h\u00f4r!\" \/>\n<meta property=\"og:url\" content=\"https:\/\/www.pinechalet.sk\/index.php\/importovanie-kalendara\/\" \/>\n<meta property=\"og:site_name\" content=\"Pine Chalet\" \/>\n<meta property=\"article:publisher\" content=\"https:\/\/www.facebook.com\/profile.php?id=61559340846167&amp;mibextid=LQQJ4d&amp;rdid=lkISW10ZWDMxfOyQ&amp;share_url=httpswww.facebook.comshareJZdRqQ67WVkqpkYGmibextidLQQJ4d\" \/>\n<meta property=\"article:modified_time\" content=\"2025-11-26T20:28:26+00:00\" \/>\n<meta property=\"og:image\" content=\"https:\/\/www.pinechalet.sk\/wp-content\/uploads\/2024\/09\/chalet_pine-04636-scaled.webp\" \/>\n\t<meta property=\"og:image:width\" content=\"1920\" \/>\n\t<meta property=\"og:image:height\" content=\"1280\" \/>\n\t<meta property=\"og:image:type\" content=\"image\/webp\" \/>\n<meta name=\"twitter:card\" content=\"summary_large_image\" \/>\n<script type=\"application\/ld+json\" class=\"yoast-schema-graph\">{\"@context\":\"https:\\\/\\\/schema.org\",\"@graph\":[{\"@type\":\"WebPage\",\"@id\":\"https:\\\/\\\/www.pinechalet.sk\\\/index.php\\\/importovanie-kalendara\\\/\",\"url\":\"https:\\\/\\\/www.pinechalet.sk\\\/index.php\\\/importovanie-kalendara\\\/\",\"name\":\"Importovanie Kalendara - Pine Chalet\",\"isPartOf\":{\"@id\":\"https:\\\/\\\/www.pinechalet.sk\\\/#website\"},\"datePublished\":\"2024-10-13T14:48:56+00:00\",\"dateModified\":\"2025-11-26T20:28:26+00:00\",\"description\":\"U\u017eite si nezabudnute\u013en\u00fd pobyt v Pine Chalet, \u00fatulnom horskom dome obklopenom pr\u00edrodou. Ide\u00e1lne miesto na relax\u00e1ciu a dobrodru\u017estvo, s modern\u00fdmi vybaveniami a n\u00e1dhern\u00fdmi v\u00fdh\u013eadmi. Objavte dokonal\u00fd \u00fanik do h\u00f4r!\",\"breadcrumb\":{\"@id\":\"https:\\\/\\\/www.pinechalet.sk\\\/index.php\\\/importovanie-kalendara\\\/#breadcrumb\"},\"inLanguage\":\"sk-SK\",\"potentialAction\":[{\"@type\":\"ReadAction\",\"target\":[\"https:\\\/\\\/www.pinechalet.sk\\\/index.php\\\/importovanie-kalendara\\\/\"]}]},{\"@type\":\"BreadcrumbList\",\"@id\":\"https:\\\/\\\/www.pinechalet.sk\\\/index.php\\\/importovanie-kalendara\\\/#breadcrumb\",\"itemListElement\":[{\"@type\":\"ListItem\",\"position\":1,\"name\":\"Domovsk\u00e1 str\u00e1nka\",\"item\":\"https:\\\/\\\/www.pinechalet.sk\\\/\"},{\"@type\":\"ListItem\",\"position\":2,\"name\":\"Importovanie Kalendara\"}]},{\"@type\":\"WebSite\",\"@id\":\"https:\\\/\\\/www.pinechalet.sk\\\/#website\",\"url\":\"https:\\\/\\\/www.pinechalet.sk\\\/\",\"name\":\"Pine Chalet\",\"description\":\"Luxusn\u00fd oddych v srdci Slovensk\u00e9ho raja\",\"publisher\":{\"@id\":\"https:\\\/\\\/www.pinechalet.sk\\\/#organization\"},\"alternateName\":\"Ubytovanie v Slovenskom Raji\",\"potentialAction\":[{\"@type\":\"SearchAction\",\"target\":{\"@type\":\"EntryPoint\",\"urlTemplate\":\"https:\\\/\\\/www.pinechalet.sk\\\/?s={search_term_string}\"},\"query-input\":{\"@type\":\"PropertyValueSpecification\",\"valueRequired\":true,\"valueName\":\"search_term_string\"}}],\"inLanguage\":\"sk-SK\"},{\"@type\":\"Organization\",\"@id\":\"https:\\\/\\\/www.pinechalet.sk\\\/#organization\",\"name\":\"Pine Chalet\",\"alternateName\":\"Ubytovanie v Slovenskom Raji\",\"url\":\"https:\\\/\\\/www.pinechalet.sk\\\/\",\"logo\":{\"@type\":\"ImageObject\",\"inLanguage\":\"sk-SK\",\"@id\":\"https:\\\/\\\/www.pinechalet.sk\\\/#\\\/schema\\\/logo\\\/image\\\/\",\"url\":\"https:\\\/\\\/www.pinechalet.sk\\\/wp-content\\\/uploads\\\/2024\\\/08\\\/Logo.png\",\"contentUrl\":\"https:\\\/\\\/www.pinechalet.sk\\\/wp-content\\\/uploads\\\/2024\\\/08\\\/Logo.png\",\"width\":821,\"height\":333,\"caption\":\"Pine Chalet\"},\"image\":{\"@id\":\"https:\\\/\\\/www.pinechalet.sk\\\/#\\\/schema\\\/logo\\\/image\\\/\"},\"sameAs\":[\"https:\\\/\\\/www.facebook.com\\\/profile.php?id=61559340846167&mibextid=LQQJ4d&rdid=lkISW10ZWDMxfOyQ&share_url=httpswww.facebook.comshareJZdRqQ67WVkqpkYGmibextidLQQJ4d\"]}]}<\/script>\n<!-- \/ Yoast SEO plugin. -->","yoast_head_json":{"title":"Importovanie Kalendara - Pine Chalet","description":"U\u017eite si nezabudnute\u013en\u00fd pobyt v Pine Chalet, \u00fatulnom horskom dome obklopenom pr\u00edrodou. Ide\u00e1lne miesto na relax\u00e1ciu a dobrodru\u017estvo, s modern\u00fdmi vybaveniami a n\u00e1dhern\u00fdmi v\u00fdh\u013eadmi. Objavte dokonal\u00fd \u00fanik do h\u00f4r!","robots":{"index":"index","follow":"follow","max-snippet":"max-snippet:-1","max-image-preview":"max-image-preview:large","max-video-preview":"max-video-preview:-1"},"canonical":"https:\/\/www.pinechalet.sk\/index.php\/importovanie-kalendara\/","og_locale":"sk_SK","og_type":"article","og_title":"Importovanie Kalendara - Pine Chalet","og_description":"U\u017eite si nezabudnute\u013en\u00fd pobyt v Pine Chalet, \u00fatulnom horskom dome obklopenom pr\u00edrodou. Ide\u00e1lne miesto na relax\u00e1ciu a dobrodru\u017estvo, s modern\u00fdmi vybaveniami a n\u00e1dhern\u00fdmi v\u00fdh\u013eadmi. Objavte dokonal\u00fd \u00fanik do h\u00f4r!","og_url":"https:\/\/www.pinechalet.sk\/index.php\/importovanie-kalendara\/","og_site_name":"Pine Chalet","article_publisher":"https:\/\/www.facebook.com\/profile.php?id=61559340846167&mibextid=LQQJ4d&rdid=lkISW10ZWDMxfOyQ&share_url=httpswww.facebook.comshareJZdRqQ67WVkqpkYGmibextidLQQJ4d","article_modified_time":"2025-11-26T20:28:26+00:00","og_image":[{"width":1920,"height":1280,"url":"https:\/\/www.pinechalet.sk\/wp-content\/uploads\/2024\/09\/chalet_pine-04636-scaled.webp","type":"image\/webp"}],"twitter_card":"summary_large_image","schema":{"@context":"https:\/\/schema.org","@graph":[{"@type":"WebPage","@id":"https:\/\/www.pinechalet.sk\/index.php\/importovanie-kalendara\/","url":"https:\/\/www.pinechalet.sk\/index.php\/importovanie-kalendara\/","name":"Importovanie Kalendara - Pine Chalet","isPartOf":{"@id":"https:\/\/www.pinechalet.sk\/#website"},"datePublished":"2024-10-13T14:48:56+00:00","dateModified":"2025-11-26T20:28:26+00:00","description":"U\u017eite si nezabudnute\u013en\u00fd pobyt v Pine Chalet, \u00fatulnom horskom dome obklopenom pr\u00edrodou. Ide\u00e1lne miesto na relax\u00e1ciu a dobrodru\u017estvo, s modern\u00fdmi vybaveniami a n\u00e1dhern\u00fdmi v\u00fdh\u013eadmi. Objavte dokonal\u00fd \u00fanik do h\u00f4r!","breadcrumb":{"@id":"https:\/\/www.pinechalet.sk\/index.php\/importovanie-kalendara\/#breadcrumb"},"inLanguage":"sk-SK","potentialAction":[{"@type":"ReadAction","target":["https:\/\/www.pinechalet.sk\/index.php\/importovanie-kalendara\/"]}]},{"@type":"BreadcrumbList","@id":"https:\/\/www.pinechalet.sk\/index.php\/importovanie-kalendara\/#breadcrumb","itemListElement":[{"@type":"ListItem","position":1,"name":"Domovsk\u00e1 str\u00e1nka","item":"https:\/\/www.pinechalet.sk\/"},{"@type":"ListItem","position":2,"name":"Importovanie Kalendara"}]},{"@type":"WebSite","@id":"https:\/\/www.pinechalet.sk\/#website","url":"https:\/\/www.pinechalet.sk\/","name":"Pine Chalet","description":"Luxusn\u00fd oddych v srdci Slovensk\u00e9ho raja","publisher":{"@id":"https:\/\/www.pinechalet.sk\/#organization"},"alternateName":"Ubytovanie v Slovenskom Raji","potentialAction":[{"@type":"SearchAction","target":{"@type":"EntryPoint","urlTemplate":"https:\/\/www.pinechalet.sk\/?s={search_term_string}"},"query-input":{"@type":"PropertyValueSpecification","valueRequired":true,"valueName":"search_term_string"}}],"inLanguage":"sk-SK"},{"@type":"Organization","@id":"https:\/\/www.pinechalet.sk\/#organization","name":"Pine Chalet","alternateName":"Ubytovanie v Slovenskom Raji","url":"https:\/\/www.pinechalet.sk\/","logo":{"@type":"ImageObject","inLanguage":"sk-SK","@id":"https:\/\/www.pinechalet.sk\/#\/schema\/logo\/image\/","url":"https:\/\/www.pinechalet.sk\/wp-content\/uploads\/2024\/08\/Logo.png","contentUrl":"https:\/\/www.pinechalet.sk\/wp-content\/uploads\/2024\/08\/Logo.png","width":821,"height":333,"caption":"Pine Chalet"},"image":{"@id":"https:\/\/www.pinechalet.sk\/#\/schema\/logo\/image\/"},"sameAs":["https:\/\/www.facebook.com\/profile.php?id=61559340846167&mibextid=LQQJ4d&rdid=lkISW10ZWDMxfOyQ&share_url=httpswww.facebook.comshareJZdRqQ67WVkqpkYGmibextidLQQJ4d"]}]}},"_links":{"self":[{"href":"https:\/\/www.pinechalet.sk\/index.php\/wp-json\/wp\/v2\/pages\/1455","targetHints":{"allow":["GET"]}}],"collection":[{"href":"https:\/\/www.pinechalet.sk\/index.php\/wp-json\/wp\/v2\/pages"}],"about":[{"href":"https:\/\/www.pinechalet.sk\/index.php\/wp-json\/wp\/v2\/types\/page"}],"author":[{"embeddable":true,"href":"https:\/\/www.pinechalet.sk\/index.php\/wp-json\/wp\/v2\/users\/1"}],"replies":[{"embeddable":true,"href":"https:\/\/www.pinechalet.sk\/index.php\/wp-json\/wp\/v2\/comments?post=1455"}],"version-history":[{"count":57,"href":"https:\/\/www.pinechalet.sk\/index.php\/wp-json\/wp\/v2\/pages\/1455\/revisions"}],"predecessor-version":[{"id":2058,"href":"https:\/\/www.pinechalet.sk\/index.php\/wp-json\/wp\/v2\/pages\/1455\/revisions\/2058"}],"wp:attachment":[{"href":"https:\/\/www.pinechalet.sk\/index.php\/wp-json\/wp\/v2\/media?parent=1455"}],"curies":[{"name":"wp","href":"https:\/\/api.w.org\/{rel}","templated":true}]}}